{"id":279,"date":"2021-11-23T10:00:29","date_gmt":"2021-11-23T09:00:29","guid":{"rendered":"https:\/\/danieljeananton.com\/?page_id=279"},"modified":"2021-12-20T14:00:20","modified_gmt":"2021-12-20T13:00:20","slug":"aude","status":"publish","type":"page","link":"https:\/\/danieljeananton.com\/index.php\/aude\/","title":{"rendered":"AUDE"},"content":{"rendered":"<h3 style=\"text-align: justify;\">Difficile de r\u00e9sumer ce roman sans en d\u00e9voiler l&rsquo;intrigue. Si, au d\u00e9but, le r\u00e9cit demeure relativement calme, les \u00e9v\u00e8nements vont se succ\u00e9der rapidement. Des situations conflictuelles apparaissent, des questions se posent.<\/h3>\n<h3 style=\"text-align: justify;\">Dans cette histoire, quatre personnages principaux se d\u00e9tachent, Aude, Aubin, Arnaud. L&rsquo;identit\u00e9 du quatri\u00e8me, pr\u00e9sent depuis le d\u00e9but, ne sera connu par le lecteur que vers le milieu de la narration. Aude est le fil conducteur de cette fiction. Ce r\u00e9cit parle de violence, de haine, de bassesse humaine, mais aussi d\u2019honn\u00eatet\u00e9, de courage, d\u2019abn\u00e9gation, et surtout d\u2019amour. N\u00e9anmoins, sans rien r\u00e9v\u00e9ler du r\u00e9cit, il est possible de le survoler.<\/h3>\n<h3 style=\"text-align: justify;\">1963. Cligny, village au nord-ouest de Lyon. Trois jeunes gens demandent \u00e0 un homme de leur raconter le ch\u00e2teau B\u00e9ranche, de 1900 \u00e0 sa destruction en 1944. L\u2019homme accepte. En fait, il va leur raconter Aude, son histoire, sa vie. Son arriv\u00e9e au Ch\u00e2teau B\u00e9ranche, orpheline, aide cuisini\u00e8re, son enfance, son adolescence, ses amours. Elle conna\u00eetra une passion fusionnelle avec Aubin, domestique comme elle, comme plusieurs autres personnages. Aude et Aubin passeront sous la protection d\u2019Arnaud, troisi\u00e8me enfant des \u00e9poux B\u00e9ranche. En cachette, il instruira les deux enfants. H\u00e9las, les B\u00e9ranche ont des ennemis, et Aude sera, malgr\u00e9 elle, entra\u00een\u00e9e dans le conflit qui les oppose. Apr\u00e8s la disparition de ses parents, Arnaud devient le ma\u00eetre du Ch\u00e2teau. La grande Guerre, Aubin et Arnaud y participent. Aude se retrouve seule, enfin presque, \u00e0 g\u00e9rer le domaine. Les agressions, les luttes, les malheurs, la transforment. Elle n\u2019est plus la jeune fille innocente de sa jeunesse. Ensuite, pendant l\u2019entre deux guerres, puis au cours du second conflit mondial, elle apprendra la v\u00e9rit\u00e9 sur certains \u00e9v\u00e8nements du pass\u00e9, li\u00e9s \u00e0 sa propre vie et les secrets de la famille B\u00e9ranche. Un dernier drame va l\u2019an\u00e9antir. Au bord du d\u00e9sespoir, tout pour elle bascule. Mais&#8230;<\/h3>\n<h3 style=\"text-align: justify;\">Plusieurs sc\u00e8nes de ce roman ont pour origine des faits r\u00e9els. Naturellement, les v\u00e9ritables noms de ceux qui les ont v\u00e9cu ont \u00e9t\u00e9 chang\u00e9s. Si je me suis servi de leurs histoires, c&rsquo;est surtout en leur souvenir, pour l&rsquo;affection que je leur porte toujours.&nbsp; Par contre,&nbsp; j&rsquo;ai tent\u00e9, dans la mesure du possible, de situer ces actions dans les lieux o\u00f9 elles se d\u00e9roul\u00e8rent r\u00e9ellement.<\/h3>\n\n\n<p><\/p>\n\n\n\n<div class=\"wp-block-media-text alignwide is-stacked-on-mobile is-vertically-aligned-center\" style=\"grid-template-columns:21% auto\"><figure class=\"wp-block-media-text__media\"><a href=\"https:\/\/danieljeananton.com\/index.php\/aude\/extraits-tome-1\/\" target=\"_blank\" rel=\"https:\/\/danieljeananton.com\/?page_id=335 noopener\"><img loading=\"lazy\" decoding=\"async\" width=\"625\" height=\"1024\" src=\"https:\/\/danieljeananton.com\/wp-content\/uploads\/2021\/11\/couverture-aude-t1-001-625x1024.jpg\" alt=\"\" class=\"wp-image-251 size-full\" srcset=\"https:\/\/danieljeananton.com\/wp-content\/uploads\/2021\/11\/couverture-aude-t1-001-625x1024.jpg?v=1703428378 625w, https:\/\/danieljeananton.com\/wp-content\/uploads\/2021\/11\/couverture-aude-t1-001-183x300.jpg?v=1703428378 183w, https:\/\/danieljeananton.com\/wp-content\/uploads\/2021\/11\/couverture-aude-t1-001.jpg?v=1703428378 721w\" sizes=\"auto, (max-width: 625px) 100vw, 625px\" \/><\/a><\/figure><div class=\"wp-block-media-text__content\">\n<p style=\"font-size:20px\"><strong>Le tome 1 d\u00e9bute pendant l&rsquo;hiver 1889 et se termine \u00e0 la fin de la Grande Guerre, en 1918.<\/strong><\/p>\n\n\n\n<p style=\"font-size:20px\"><strong>Ce livre est en vente directement chez  votre libraire, sauf sous 4 ou 5 jours s&rsquo;il doit le commander. Il est aussi  disponible, entre autres, soit en magasin, soit en ligne, \u00e0 la <span class=\"has-inline-color has-primary-color\">FNAC<\/span>, chez <span class=\"has-inline-color has-primary-color\">Gibert Joseph, D\u00e9citre, Les libraires, Colibris, Librairie Nouvelle,  Amazon, etc&#8230;<\/span> et naturellement aux \u00e9ditions <span class=\"has-inline-color has-primary-color\"> PAULO-RAMAND<\/span>.<\/strong><\/p>\n\n\n\n<p style=\"font-size:20px\"><strong>Format papier     14 x 22,5 cm <\/strong>      <strong>472 pages<\/strong><\/p>\n\n\n\n<pre class=\"wp-block-preformatted\"><strong><span class=\"has-inline-color has-black-color\">Prix               Format papier   19 \u20ac ttc\n                   Format e-pub     8 \u20ac ttc<\/span><\/strong><\/pre>\n\n\n\n<p><\/p>\n<\/div><\/div>\n\n\n\n<div class=\"wp-block-media-text alignwide is-stacked-on-mobile is-vertically-aligned-center\" style=\"grid-template-columns:21% auto\"><figure class=\"wp-block-media-text__media\"><a href=\"https:\/\/danieljeananton.com\/?page_id=304\" target=\"_blank\" rel=\"noopener\"><img loading=\"lazy\" decoding=\"async\" width=\"629\" height=\"1024\" src=\"https:\/\/danieljeananton.com\/wp-content\/uploads\/2021\/11\/couverture-aude-t2-002-629x1024.jpg\" alt=\"\" class=\"wp-image-252 size-full\" srcset=\"https:\/\/danieljeananton.com\/wp-content\/uploads\/2021\/11\/couverture-aude-t2-002-629x1024.jpg?v=1703665290 629w, https:\/\/danieljeananton.com\/wp-content\/uploads\/2021\/11\/couverture-aude-t2-002-184x300.jpg?v=1703665290 184w, https:\/\/danieljeananton.com\/wp-content\/uploads\/2021\/11\/couverture-aude-t2-002.jpg?v=1703665290 726w\" sizes=\"auto, (max-width: 629px) 100vw, 629px\" \/><\/a><\/figure><div class=\"wp-block-media-text__content\">\n<p style=\"font-size:20px\"><strong>Le tome 2 d\u00e9bute \u00e0 la fin de la Grande Guerre, en 1918, et se termine en 1944.  <\/strong><\/p>\n\n\n\n<p style=\"font-size:20px\"><strong>Ce livre est en vente directement chez  votre libraire, sauf sous 4 ou 5 jours s&rsquo;il doit le commander. Il est aussi  disponible, entre autres, soit en magasin, soit en ligne, \u00e0 la<span class=\"has-inline-color has-primary-color\"> FNAC<\/span>, chez <span class=\"has-inline-color has-primary-color\">Gibert Joseph, D\u00e9citre, Les libraires, Colibris, Librairie Nouvelle,  Amazon, etc&#8230;<\/span> et naturellement  aux \u00e9ditions  <span class=\"has-inline-color has-primary-color\">PAULO-RAMAND<\/span>.<\/strong><\/p>\n\n\n\n<p style=\"font-size:20px\"><strong>Format papier     14 x 22,5 cm       432 pages <\/strong><\/p>\n\n\n\n<pre class=\"wp-block-preformatted\"><strong><span class=\"has-inline-color has-black-color\">Prix               Format papier   19 \u20ac ttc\n                   Format e-pub     8 \u20ac ttc<\/span><\/strong><\/pre>\n<\/div><\/div>\n\n\n<h3 style=\"text-align: justify;\"><span style=\"color: #ff0000;\">Apr\u00e8s avoir lu le roman AUDE, vous pouvez, si vous le d\u00e9sirez, revenir ici et donner votre avis. <\/span><span style=\"color: #ff0000;\">Merci.<\/span><\/h3>\n<h3 style=\"text-align: justify;\"><span style=\"color: #ff0000;\">En passant la souris sur le sigle noir en escalier, \u00e0 la droite des \u00e9toiles, vous obtiendrez une vision globale de la notation.<br><\/span><\/h3>\n<p><\/p>\n\n\n<div class=\"wp-block-yet-another-stars-rating-visitor-votes yasr-vv-block\"><!--Yasr Visitor Votes Shortcode--><div id='yasr_visitor_votes_767670e9f6ff0' class='yasr-visitor-votes'><div class=\"yasr-custom-text-vv-before yasr-custom-text-vv-before-279\">Votre vote<\/div><div id='yasr-vv-second-row-container-767670e9f6ff0'\r\n                                        class='yasr-vv-second-row-container'><div id='yasr-visitor-votes-rater-767670e9f6ff0'\r\n                                      class='yasr-rater-stars-vv'\r\n                                      data-rater-postid='279'\r\n                                      data-rating='5'\r\n                                      data-rater-starsize='32'\r\n                                      data-rater-readonly='false'\r\n                                      data-rater-nonce='8a8b8b4677'\r\n                                      data-issingular='false'\r\n                                    ><\/div><div class=\"yasr-vv-stats-text-container\" id=\"yasr-vv-stats-text-container-767670e9f6ff0\"><svg xmlns=\"https:\/\/www.w3.org\/2000\/svg\" width=\"20\" height=\"20\"\r\n                                   class=\"yasr-dashicons-visitor-stats\"\r\n                                   data-postid=\"279\"\r\n                                   id=\"yasr-stats-dashicon-767670e9f6ff0\">\r\n                                   <path d=\"M18 18v-16h-4v16h4zM12 18v-11h-4v11h4zM6 18v-8h-4v8h4z\"><\/path>\r\n                               <\/svg><span id=\"yasr-vv-text-container-767670e9f6ff0\" class=\"yasr-vv-text-container\">[Total: <span id=\"yasr-vv-votes-number-container-767670e9f6ff0\">3<\/span> Average: <span id=\"yasr-vv-average-container-767670e9f6ff0\">5<\/span>]<\/span><\/div><div id='yasr-vv-loader-767670e9f6ff0' class='yasr-vv-container-loader'><\/div><\/div><div id='yasr-vv-bottom-container-767670e9f6ff0'\r\n                              class='yasr-vv-bottom-container'\r\n                              style='display:none'><\/div><\/div><!--End Yasr Visitor Votes Shortcode--><\/div>\n\n\n\n<p><\/p>\n<div style='text-align:center' class='yasr-auto-insert-overall'><\/div><div style='text-align:center' class='yasr-auto-insert-visitor'><!--Yasr Visitor Votes Shortcode--><div id='yasr_visitor_votes_71806697fe676' class='yasr-visitor-votes'><div class=\"yasr-custom-text-vv-before yasr-custom-text-vv-before-279\">Votre vote<\/div><div id='yasr-vv-second-row-container-71806697fe676'\r\n                                        class='yasr-vv-second-row-container'><div id='yasr-visitor-votes-rater-71806697fe676'\r\n                                      class='yasr-rater-stars-vv'\r\n                                      data-rater-postid='279'\r\n                                      data-rating='5'\r\n                                      data-rater-starsize='24'\r\n                                      data-rater-readonly='false'\r\n                                      data-rater-nonce='8a8b8b4677'\r\n                                      data-issingular='false'\r\n                                    ><\/div><div class=\"yasr-vv-stats-text-container\" id=\"yasr-vv-stats-text-container-71806697fe676\"><svg xmlns=\"https:\/\/www.w3.org\/2000\/svg\" width=\"20\" height=\"20\"\r\n                                   class=\"yasr-dashicons-visitor-stats\"\r\n                                   data-postid=\"279\"\r\n                                   id=\"yasr-stats-dashicon-71806697fe676\">\r\n                                   <path d=\"M18 18v-16h-4v16h4zM12 18v-11h-4v11h4zM6 18v-8h-4v8h4z\"><\/path>\r\n                               <\/svg><span id=\"yasr-vv-text-container-71806697fe676\" class=\"yasr-vv-text-container\">[Total: <span id=\"yasr-vv-votes-number-container-71806697fe676\">3<\/span> Average: <span id=\"yasr-vv-average-container-71806697fe676\">5<\/span>]<\/span><\/div><div id='yasr-vv-loader-71806697fe676' class='yasr-vv-container-loader'><\/div><\/div><div id='yasr-vv-bottom-container-71806697fe676'\r\n                              class='yasr-vv-bottom-container'\r\n                              style='display:none'><\/div><\/div><!--End Yasr Visitor Votes Shortcode--><\/div>","protected":false},"excerpt":{"rendered":"<p>Difficile de r\u00e9sumer ce roman sans en d\u00e9voiler l&rsquo;intrigue. Si, au d\u00e9but, le r\u00e9cit demeure relativement calme, les \u00e9v\u00e8nements vont se succ\u00e9der rapidement. Des situations [&#8230;]<\/p>\n","protected":false},"author":1,"featured_media":0,"parent":0,"menu_order":0,"comment_status":"open","ping_status":"closed","template":"","meta":{"_uag_custom_page_level_css":"","yasr_overall_rating":0,"yasr_post_is_review":"","yasr_auto_insert_disabled":"","yasr_review_type":"BlogPosting","footnotes":""},"folder":[],"class_list":["post-279","page","type-page","status-publish","hentry"],"yasr_visitor_votes":{"stars_attributes":{"read_only":false,"span_bottom":false},"number_of_votes":3,"sum_votes":15},"yoast_head":"<!-- This site is optimized with the Yoast SEO plugin v27.4 - https:\/\/yoast.com\/product\/yoast-seo-wordpress\/ -->\n<title>AUDE - Daniel Jean ANTON auteur<\/title>\n<meta name=\"robots\" content=\"index, nofollow, max-snippet:-1, max-image-preview:large, max-video-preview:-1\" \/>\n<link rel=\"canonical\" href=\"https:\/\/danieljeananton.com\/index.php\/aude\/\" \/>\n<meta property=\"og:locale\" content=\"fr_FR\" \/>\n<meta property=\"og:type\" content=\"article\" \/>\n<meta property=\"og:title\" content=\"AUDE - Daniel Jean ANTON auteur\" \/>\n<meta property=\"og:description\" content=\"Difficile de r\u00e9sumer ce roman sans en d\u00e9voiler l&rsquo;intrigue. Si, au d\u00e9but, le r\u00e9cit demeure relativement calme, les \u00e9v\u00e8nements vont se succ\u00e9der rapidement. Des situations [...]\" \/>\n<meta property=\"og:url\" content=\"https:\/\/danieljeananton.com\/index.php\/aude\/\" \/>\n<meta property=\"og:site_name\" content=\"Daniel Jean ANTON auteur\" \/>\n<meta property=\"article:publisher\" content=\"https:\/\/www.facebook.com\/profile.php?id=100054333143592\" \/>\n<meta property=\"article:modified_time\" content=\"2021-12-20T13:00:20+00:00\" \/>\n<meta property=\"og:image\" content=\"https:\/\/danieljeananton.com\/wp-content\/uploads\/2021\/11\/couverture-aude-t1-001-625x1024.jpg\" \/>\n<meta name=\"twitter:card\" content=\"summary_large_image\" \/>\n<meta name=\"twitter:label1\" content=\"Dur\u00e9e de lecture estim\u00e9e\" \/>\n\t<meta name=\"twitter:data1\" content=\"4 minutes\" \/>\n<script type=\"application\/ld+json\" class=\"yoast-schema-graph\">{\"@context\":\"https:\\\/\\\/schema.org\",\"@graph\":[{\"@type\":\"WebPage\",\"@id\":\"https:\\\/\\\/danieljeananton.com\\\/index.php\\\/aude\\\/\",\"url\":\"https:\\\/\\\/danieljeananton.com\\\/index.php\\\/aude\\\/\",\"name\":\"AUDE - Daniel Jean ANTON auteur\",\"isPartOf\":{\"@id\":\"https:\\\/\\\/danieljeananton.com\\\/#website\"},\"primaryImageOfPage\":{\"@id\":\"https:\\\/\\\/danieljeananton.com\\\/index.php\\\/aude\\\/#primaryimage\"},\"image\":{\"@id\":\"https:\\\/\\\/danieljeananton.com\\\/index.php\\\/aude\\\/#primaryimage\"},\"thumbnailUrl\":\"https:\\\/\\\/danieljeananton.com\\\/wp-content\\\/uploads\\\/2021\\\/11\\\/couverture-aude-t1-001-625x1024.jpg\",\"datePublished\":\"2021-11-23T09:00:29+00:00\",\"dateModified\":\"2021-12-20T13:00:20+00:00\",\"breadcrumb\":{\"@id\":\"https:\\\/\\\/danieljeananton.com\\\/index.php\\\/aude\\\/#breadcrumb\"},\"inLanguage\":\"fr-FR\",\"potentialAction\":[{\"@type\":\"ReadAction\",\"target\":[\"https:\\\/\\\/danieljeananton.com\\\/index.php\\\/aude\\\/\"]}]},{\"@type\":\"ImageObject\",\"inLanguage\":\"fr-FR\",\"@id\":\"https:\\\/\\\/danieljeananton.com\\\/index.php\\\/aude\\\/#primaryimage\",\"url\":\"https:\\\/\\\/danieljeananton.com\\\/wp-content\\\/uploads\\\/2021\\\/11\\\/couverture-aude-t1-001.jpg?v=1703428378\",\"contentUrl\":\"https:\\\/\\\/danieljeananton.com\\\/wp-content\\\/uploads\\\/2021\\\/11\\\/couverture-aude-t1-001.jpg?v=1703428378\",\"width\":721,\"height\":1181},{\"@type\":\"BreadcrumbList\",\"@id\":\"https:\\\/\\\/danieljeananton.com\\\/index.php\\\/aude\\\/#breadcrumb\",\"itemListElement\":[{\"@type\":\"ListItem\",\"position\":1,\"name\":\"Accueil\",\"item\":\"https:\\\/\\\/danieljeananton.com\\\/\"},{\"@type\":\"ListItem\",\"position\":2,\"name\":\"AUDE\"}]},{\"@type\":\"WebSite\",\"@id\":\"https:\\\/\\\/danieljeananton.com\\\/#website\",\"url\":\"https:\\\/\\\/danieljeananton.com\\\/\",\"name\":\"danieljeananton.com\",\"description\":\"\",\"publisher\":{\"@id\":\"https:\\\/\\\/danieljeananton.com\\\/#\\\/schema\\\/person\\\/3dbde23e2d3dda92deb2d7825973ed00\"},\"potentialAction\":[{\"@type\":\"SearchAction\",\"target\":{\"@type\":\"EntryPoint\",\"urlTemplate\":\"https:\\\/\\\/danieljeananton.com\\\/?s={search_term_string}\"},\"query-input\":{\"@type\":\"PropertyValueSpecification\",\"valueRequired\":true,\"valueName\":\"search_term_string\"}}],\"inLanguage\":\"fr-FR\"},{\"@type\":[\"Person\",\"Organization\"],\"@id\":\"https:\\\/\\\/danieljeananton.com\\\/#\\\/schema\\\/person\\\/3dbde23e2d3dda92deb2d7825973ed00\",\"name\":\"Daniel Jean ANTON\",\"image\":{\"@type\":\"ImageObject\",\"inLanguage\":\"fr-FR\",\"@id\":\"https:\\\/\\\/danieljeananton.com\\\/wp-content\\\/uploads\\\/2023\\\/12\\\/Logo-site-Copie.jpg\",\"url\":\"https:\\\/\\\/danieljeananton.com\\\/wp-content\\\/uploads\\\/2023\\\/12\\\/Logo-site-Copie.jpg\",\"contentUrl\":\"https:\\\/\\\/danieljeananton.com\\\/wp-content\\\/uploads\\\/2023\\\/12\\\/Logo-site-Copie.jpg\",\"width\":100,\"height\":103,\"caption\":\"Daniel Jean ANTON\"},\"logo\":{\"@id\":\"https:\\\/\\\/danieljeananton.com\\\/wp-content\\\/uploads\\\/2023\\\/12\\\/Logo-site-Copie.jpg\"},\"sameAs\":[\"https:\\\/\\\/danieljeananton.com\",\"https:\\\/\\\/www.facebook.com\\\/profile.php?id=100054333143592\"]},false]}<\/script>\n<!-- \/ Yoast SEO plugin. -->","yoast_head_json":{"title":"AUDE - Daniel Jean ANTON auteur","robots":{"index":"index","follow":"nofollow","max-snippet":"max-snippet:-1","max-image-preview":"max-image-preview:large","max-video-preview":"max-video-preview:-1"},"canonical":"https:\/\/danieljeananton.com\/index.php\/aude\/","og_locale":"fr_FR","og_type":"article","og_title":"AUDE - Daniel Jean ANTON auteur","og_description":"Difficile de r\u00e9sumer ce roman sans en d\u00e9voiler l&rsquo;intrigue. Si, au d\u00e9but, le r\u00e9cit demeure relativement calme, les \u00e9v\u00e8nements vont se succ\u00e9der rapidement. Des situations [...]","og_url":"https:\/\/danieljeananton.com\/index.php\/aude\/","og_site_name":"Daniel Jean ANTON auteur","article_publisher":"https:\/\/www.facebook.com\/profile.php?id=100054333143592","article_modified_time":"2021-12-20T13:00:20+00:00","og_image":[{"url":"https:\/\/danieljeananton.com\/wp-content\/uploads\/2021\/11\/couverture-aude-t1-001-625x1024.jpg","type":"","width":"","height":""}],"twitter_card":"summary_large_image","twitter_misc":{"Dur\u00e9e de lecture estim\u00e9e":"4 minutes"},"schema":{"@context":"https:\/\/schema.org","@graph":[{"@type":"WebPage","@id":"https:\/\/danieljeananton.com\/index.php\/aude\/","url":"https:\/\/danieljeananton.com\/index.php\/aude\/","name":"AUDE - Daniel Jean ANTON auteur","isPartOf":{"@id":"https:\/\/danieljeananton.com\/#website"},"primaryImageOfPage":{"@id":"https:\/\/danieljeananton.com\/index.php\/aude\/#primaryimage"},"image":{"@id":"https:\/\/danieljeananton.com\/index.php\/aude\/#primaryimage"},"thumbnailUrl":"https:\/\/danieljeananton.com\/wp-content\/uploads\/2021\/11\/couverture-aude-t1-001-625x1024.jpg","datePublished":"2021-11-23T09:00:29+00:00","dateModified":"2021-12-20T13:00:20+00:00","breadcrumb":{"@id":"https:\/\/danieljeananton.com\/index.php\/aude\/#breadcrumb"},"inLanguage":"fr-FR","potentialAction":[{"@type":"ReadAction","target":["https:\/\/danieljeananton.com\/index.php\/aude\/"]}]},{"@type":"ImageObject","inLanguage":"fr-FR","@id":"https:\/\/danieljeananton.com\/index.php\/aude\/#primaryimage","url":"https:\/\/danieljeananton.com\/wp-content\/uploads\/2021\/11\/couverture-aude-t1-001.jpg?v=1703428378","contentUrl":"https:\/\/danieljeananton.com\/wp-content\/uploads\/2021\/11\/couverture-aude-t1-001.jpg?v=1703428378","width":721,"height":1181},{"@type":"BreadcrumbList","@id":"https:\/\/danieljeananton.com\/index.php\/aude\/#breadcrumb","itemListElement":[{"@type":"ListItem","position":1,"name":"Accueil","item":"https:\/\/danieljeananton.com\/"},{"@type":"ListItem","position":2,"name":"AUDE"}]},{"@type":"WebSite","@id":"https:\/\/danieljeananton.com\/#website","url":"https:\/\/danieljeananton.com\/","name":"danieljeananton.com","description":"","publisher":{"@id":"https:\/\/danieljeananton.com\/#\/schema\/person\/3dbde23e2d3dda92deb2d7825973ed00"},"potentialAction":[{"@type":"SearchAction","target":{"@type":"EntryPoint","urlTemplate":"https:\/\/danieljeananton.com\/?s={search_term_string}"},"query-input":{"@type":"PropertyValueSpecification","valueRequired":true,"valueName":"search_term_string"}}],"inLanguage":"fr-FR"},{"@type":["Person","Organization"],"@id":"https:\/\/danieljeananton.com\/#\/schema\/person\/3dbde23e2d3dda92deb2d7825973ed00","name":"Daniel Jean ANTON","image":{"@type":"ImageObject","inLanguage":"fr-FR","@id":"https:\/\/danieljeananton.com\/wp-content\/uploads\/2023\/12\/Logo-site-Copie.jpg","url":"https:\/\/danieljeananton.com\/wp-content\/uploads\/2023\/12\/Logo-site-Copie.jpg","contentUrl":"https:\/\/danieljeananton.com\/wp-content\/uploads\/2023\/12\/Logo-site-Copie.jpg","width":100,"height":103,"caption":"Daniel Jean ANTON"},"logo":{"@id":"https:\/\/danieljeananton.com\/wp-content\/uploads\/2023\/12\/Logo-site-Copie.jpg"},"sameAs":["https:\/\/danieljeananton.com","https:\/\/www.facebook.com\/profile.php?id=100054333143592"]},false]}},"uagb_featured_image_src":{"full":false,"thumbnail":false,"medium":false,"medium_large":false,"large":false,"1536x1536":false,"2048x2048":false,"post-thumbnail":false,"dynamico-featured-content":false,"dynamico-ultra-wide":false,"dynamico-landscape":false,"dynamico-classic":false,"dynamico-square":false,"dynamico-portrait":false},"uagb_author_info":{"display_name":"Daniel Jean ANTON","author_link":"https:\/\/danieljeananton.com\/index.php\/author\/admin3607\/"},"uagb_comment_info":1,"uagb_excerpt":"Difficile de r\u00e9sumer ce roman sans en d\u00e9voiler l&rsquo;intrigue. Si, au d\u00e9but, le r\u00e9cit demeure relativement calme, les \u00e9v\u00e8nements vont se succ\u00e9der rapidement. Des situations [...]","jetpack_sharing_enabled":true,"_links":{"self":[{"href":"https:\/\/danieljeananton.com\/index.php\/wp-json\/wp\/v2\/pages\/279","targetHints":{"allow":["GET"]}}],"collection":[{"href":"https:\/\/danieljeananton.com\/index.php\/wp-json\/wp\/v2\/pages"}],"about":[{"href":"https:\/\/danieljeananton.com\/index.php\/wp-json\/wp\/v2\/types\/page"}],"author":[{"embeddable":true,"href":"https:\/\/danieljeananton.com\/index.php\/wp-json\/wp\/v2\/users\/1"}],"replies":[{"embeddable":true,"href":"https:\/\/danieljeananton.com\/index.php\/wp-json\/wp\/v2\/comments?post=279"}],"version-history":[{"count":90,"href":"https:\/\/danieljeananton.com\/index.php\/wp-json\/wp\/v2\/pages\/279\/revisions"}],"predecessor-version":[{"id":867,"href":"https:\/\/danieljeananton.com\/index.php\/wp-json\/wp\/v2\/pages\/279\/revisions\/867"}],"wp:attachment":[{"href":"https:\/\/danieljeananton.com\/index.php\/wp-json\/wp\/v2\/media?parent=279"}],"wp:term":[{"taxonomy":"folder","embeddable":true,"href":"https:\/\/danieljeananton.com\/index.php\/wp-json\/wp\/v2\/folder?post=279"}],"curies":[{"name":"wp","href":"https:\/\/api.w.org\/{rel}","templated":true}]}}