{"id":304,"date":"2021-11-23T17:24:00","date_gmt":"2021-11-23T16:24:00","guid":{"rendered":"https:\/\/danieljeananton.com\/?page_id=304"},"modified":"2021-12-10T15:17:56","modified_gmt":"2021-12-10T14:17:56","slug":"extraits-tome-2","status":"publish","type":"page","link":"https:\/\/danieljeananton.com\/index.php\/aude\/extraits-tome-2\/","title":{"rendered":"EXTRAITS tome 2"},"content":{"rendered":"<h3>&nbsp;<\/h3>\n<h3 style=\"text-align: justify;\"><span style=\"color: #0000ff;\"><span style=\"color: #993300;\">Extrait 1<\/span><br><\/span><\/h3>\n<h3 style=\"text-align: justify;\">&nbsp;&nbsp; Tout allait bien, jusqu\u2019au moment o\u00f9 Julien m\u2019entra\u00eena dans notre premi\u00e8re v\u00e9ritable aventure. Nous avions \u00e0 peine trois ans et demi.<br>&nbsp;&nbsp; Pendant le temps du repas, nous \u00e9tions rest\u00e9s sagement assis sur des chaises normales entre Aude et mon p\u00e8re Henri. Nous avions \u00e9t\u00e9 tellement gentils, tranquilles, qu\u2019ils finirent par ne plus trop nous pr\u00eater attention. Mon p\u00e8re s\u2019entretenait avec Luc Chaneyve. Aude se leva. Apr\u00e8s un simple coup d\u2019\u0153il vers nous, elle s\u2019\u00e9loigna pour rejoindre Violaine. L\u2019absence de surveillance ne dura que quelques instants ; nous en profit\u00e2mes. Julien descendit de son si\u00e8ge.<br>&nbsp;&nbsp;&nbsp; \u2500 Viens, m\u2019ordonna-t-il.<br>&nbsp; Sans m\u2019attendre, il s\u2019\u00e9loigna. Je ne tardai pas \u00e0 le suivre. Personne ne prit garde \u00e0 nous. Trottinant le plus naturellement du monde, nous travers\u00e2mes rapidement le petit bois. Oh, il n\u2019\u00e9tait pas bien grand ! Enfin, il mesurait toutefois, environ cent m\u00e8tres de longueur en longeant la propri\u00e9t\u00e9, sur \u00e0 peu pr\u00e8s quarante m\u00e8tres de profondeur.<br>&nbsp;&nbsp; Aude nous l\u2019interdisait. Pour nous emp\u00eacher d\u2019y entrer, elle nous parlait souvent du loup et de l\u2019ogre qui y vivaient. Je suppose que cette f\u00eate, \u00e0 l\u2019or\u00e9e du boqueteau, en partie sous les branches, \u00f4ta \u00e0 Julien le peu de frayeur que lui inspirait l\u2019endroit, si tant est qu\u2019il en e\u00fbt vraiment peur un jour. Moi, je l\u2019accompagnais consciencieusement. Si Julien \u00e9tait avec moi, je ne craignais plus rien.<br>&nbsp;&nbsp; Je ne me souviens pas du sentier, or il en existait un. Nous sort\u00eemes du bois. Nous entend\u00eemes une musique au chant clair, l\u00e9ger, agr\u00e9able. Un ruisseau s\u2019offrit \u00e0 notre vue. Peu profond, peut-\u00eatre une trentaine de centim\u00e8tres, pas trop large, un m\u00e8tre cinquante \u00e0 deux m\u00e8tres, une onde limpide et lumineuse courait vivement. \u00c0 notre droite une petite passerelle de grosses branches, serr\u00e9es les unes contre les autres, permettait de rejoindre l\u2019autre rive \u00e0 partir de laquelle s\u2019\u00e9tendait un grand pr\u00e9.<br>&nbsp;&nbsp; Soudain, derri\u00e8re moi, je per\u00e7us un bruit sourd. Je me retournai.<br>&nbsp;&nbsp; Julien \u00e9tait descendu au milieu du ru.<\/h3>\n<h3 class=\"western\" style=\"text-align: justify;\" align=\"left\"><span style=\"color: #993300;\">Extrait 2<\/span><\/h3>\n<h3 class=\"western\" style=\"text-align: justify;\" align=\"left\">&nbsp;&nbsp; Il se retenait, il serrait les poings. Il m\u2019embrassa.<br>&nbsp;&nbsp; En silence, il repartit vers son automobile. Je le suivis des yeux. La voiture s\u2019\u00e9loigna. De la main, il me fit signe. Je levai timidement la mienne.<br>&nbsp;&nbsp; Je pivotai vers ma m\u00e8re.<br>&nbsp; Triomphante, dominatrice, m\u00e9prisante, elle regardait partir ce B\u00e9ranche qu\u2019elle venait de vaincre. Ses yeux, emplis d\u2019une hostilit\u00e9 farouche, me glac\u00e8rent le sang. Quand Arnaud disparut \u00e0 notre vue, elle daigna m\u2019examiner. Pas un sourire, pas un mot. D\u2019un geste, elle me le fit comprendre, je devais entrer mes affaires moi-m\u00eame. L\u2019une apr\u00e8s l\u2019autre, je rangeai mes valises dans le petit vestibule. Je r\u00e9cup\u00e9rai enfin mon jouet, abandonn\u00e9 au bas de la marche, pr\u00e8s du seuil d\u2019entr\u00e9e.<br>&nbsp;&nbsp; La porte se referma brutalement derri\u00e8re moi ; je sursautai, heurtant involontairement un gu\u00e9ridon. Il trembla l\u00e9g\u00e8rement. La gifle, violente, brutale, claqua sur ma joue, me prenant \u00e0 l\u2019improviste. Sous l\u2019effet de l\u2019\u00e9blouissement, le coup me parut encore plus douloureux.<\/h3>\n<h3 style=\"text-align: justify;\" align=\"left\"><span style=\"color: #993300;\">Extrait 3<\/span><\/h3>\n<h3 style=\"text-align: justify;\">&nbsp;&nbsp; Il ne me r\u00e9pondit pas, se contentant de me donner une accolade bien appuy\u00e9e ; mani\u00e8re de pr\u00e9ciser, \u00e0 ceux qui ne l\u2019avaient pas encore compris, le bord qu\u2019il choisissait.<br>&nbsp;&nbsp; Dans l\u2019automobile, le jeune Coqlin, apr\u00e8s un moment de silence, me d\u00e9clara :<br>&nbsp;&nbsp; \u2500 De toute \u00e9vidence ces gens ne vous aiment pas.<br>&nbsp;&nbsp; \u2500 Oui et non. Ils ont la haine envers les B\u00e9ranche. Pour la plupart, ils ne savent plus pourquoi. Moi, ils me connaissent en tant qu\u2019ouvrier m\u00e9canicien, ni mis\u00e9rable ni \u00e0 plaindre. Pour eux, je n\u2019existe pas, je suis un domestique. Ils me sous-estiment ou font semblant d\u2019oublier. Aude et Arnaud m\u2019ont \u00e9lev\u00e9 comme leur fils, comme Julien. Je m\u2019appelle Luprat et je tiens \u00e0 mon nom, n\u00e9anmoins, aujourd\u2019hui, je me sens un B\u00e9ranche.<br>&nbsp;&nbsp; Pendant le trajet, je craignais la rencontre avec Aude.<br>&nbsp;&nbsp; Ce sera moi qui lui apporterai l\u2019abominable nouvelle.<br>&nbsp;&nbsp; Elle allait souffrir, elle allait sangloter. Elle qui, depuis des ann\u00e9es, n\u2019avait plus vers\u00e9 une seule larme.<br>&nbsp; Je le savais, je la serrerai dans mes bras. Je le craignais, elle ne s\u2019en rendra peut-\u00eatre pas compte.<br>&nbsp;&nbsp; Ne pleure pas, ma pauvre maman !<br>&nbsp;&nbsp; Oh ! Aude, Aude ! Ne pleure pas, maman !<br>&nbsp;&nbsp; Julien nous reviendra !<\/h3>\n<h3 style=\"text-align: justify;\"><span style=\"color: #993300;\">Extrait 4<\/span><\/h3>\n<h3 style=\"text-align: justify;\">&nbsp;&nbsp; Je continuai \u00e0 l\u2019appeler \u00ab\u00a0maman Aude\u00a0\u00bb, parfois \u00ab\u00a0Aude\u00a0\u00bb. \u00c9lise, \u00e0 son d\u00e9but de vie dans notre famille, fut \u00e9bahie de nous entendre nous interpeller par nos pr\u00e9noms. Cela ne dura pas bien longtemps. Maintenant, quand elle s\u2019adressait \u00e0 eux, \u00ab\u00a0Aude\u00a0\u00bb et \u00ab\u00a0Arnaud\u00a0\u00bb lui venaient spontan\u00e9ment aux l\u00e8vres. De plus, \u00e0 leur demande, elle les tutoya ais\u00e9ment.<br>&nbsp;&nbsp; Un dimanche, apr\u00e8s le repas, Blandine et Julien, absents, retenus \u00e0 Lyon, je me permis de demander \u00e0 Aude :<br>&nbsp;&nbsp; \u2500 Aude, samedi prochain, \u00c9lise et moi ne travaillons pas. Pourrions-nous vous emprunter une bicyclette&nbsp;? J\u2019aimerais passer une journ\u00e9e au Pr\u00e9-Ferm\u00e9. \u00c9lise n\u2019y est jamais all\u00e9e. Cette promenade lui permettrait de le d\u00e9couvrir.<br>&nbsp;&nbsp; \u2500 Samedi ? Bien s\u00fbr, mon v\u00e9lo est \u00e0 vous !<br>&nbsp;&nbsp; \u00c0 l\u2019expression de son visage, je la connaissais maman Aude, je compris imm\u00e9diatement ; une id\u00e9e venait de lui traverser l\u2019esprit. Elle nous d\u00e9visagea, l\u2019un apr\u00e8s l\u2019autre ; d\u2019un ton malicieux, elle nous proposa :<br>&nbsp;&nbsp; \u2500 Le Pr\u00e9-Ferm\u00e9&nbsp;! Et si vous y dormiez la nuit de samedi \u00e0 dimanche&nbsp;? Vous rentreriez \u00e0 Cligny le dimanche soir.<br>&nbsp; \u2500 Finalement, r\u00e9pondis-je, il vaudrait mieux partir vendredi soir, apr\u00e8s le travail. Nous resterions deux jours l\u00e0-haut !<br>&nbsp;&nbsp; \u2500 Bonne id\u00e9e, Gaston, r\u00e9pondit Aude.<\/h3>\n<h3><span style=\"color: #993300;\">Extrait 5<\/span><\/h3>\n<h3 style=\"text-align: justify;\">&nbsp;&nbsp; Je n\u2019eus pas le temps de raisonner plus.<br>&nbsp;&nbsp; Des coups de feu \u00e9clat\u00e8rent ; des cris retentirent. Comme les autres passants, je cherchai un abri. J\u2019en trouvai un, un couloir d\u2019entr\u00e9e d\u2019immeuble. Deux femmes angoiss\u00e9es, l\u2019une, encore une enfant, \u00e0 peine dix-sept ans, l\u2019autre, une dame d\u2019une soixantaine d\u2019ann\u00e9es, s\u2019y trouvaient d\u00e9j\u00e0. Au bout de quelques secondes, je remarquai un homme assis au sol, la t\u00eate rejet\u00e9e en arri\u00e8re, un filet de sang au visage. Il semblait trembler de froid. Je me penchai vers lui et l\u2019examinai.<br>&nbsp;&nbsp; \u2500 Vous n\u2019\u00eates pas bless\u00e9, le rassurai-je, la balle vous a juste fr\u00f4l\u00e9. Une simple \u00e9gratignure, d\u00e9limit\u00e9e par une l\u00e9g\u00e8re br\u00fblure.<br>&nbsp;&nbsp; Instinctivement, l\u2019homme, la quarantaine, porta sa main droite \u00e0 son front. Il regarda ses doigts recouverts de son sang. D\u2019un coup, il bascula en avant. Il venait de s\u2019\u00e9vanouir. Il ignorait qu\u2019il f\u00fbt touch\u00e9. Les deux femmes prirent soin de lui.<br>&nbsp;&nbsp; Je pensai \u00e0 Aude. Je l\u2019avais perdu de vue. O\u00f9 \u00e9tait-elle ? Avait-elle \u00e9t\u00e9 bless\u00e9e ?<br>&nbsp;&nbsp; Je revins vers la porte d\u2019entr\u00e9e.<br>&nbsp;&nbsp; Prudemment, je jetai un \u0153il vers la place de Valmy. Nombreux, plusieurs dizaines, des soldats allemands bouclaient le secteur. J\u2019aper\u00e7us trois corps allong\u00e9s sur les pav\u00e9s. Ils ne bougeaient plus. Seraient-ils morts ? Et Aude ? Non ! Les trois victimes paraissaient \u00eatre des hommes. Mon regard se porta de l\u2019autre c\u00f4t\u00e9 de la rue Marietton, en vis-\u00e0-vis. R\u00e9fugi\u00e9s dans des boutiques, des gens cherchaient \u00e0 s\u2019informer. Ils n\u2019avaient rien vu, mais \u00e9chafaudaient d\u00e9j\u00e0 des hypoth\u00e8ses, rapidement transform\u00e9es par eux en faits r\u00e9els. O\u00f9 \u00e9tait Aude ?<br>&nbsp;&nbsp; Brusquement, je la distinguai. Un groupe d\u2019une dizaine de civils fran\u00e7ais se trouvait align\u00e9, face \u00e0 la place, le dos contre la fa\u00e7ade d\u2019un immeuble. Des femmes, des adolescents, des hommes, Aude \u00e9tait parmi eux. Des ordres fusaient, je ne les comprenais pas. L\u2019impond\u00e9rable \u00e9ventualit\u00e9, l\u2019inimaginable possibilit\u00e9, se produisit. Un peloton allemand se positionnait devant les otages. Un ordre ; les soldats \u00e9paul\u00e8rent leurs fusils.<br>&nbsp;&nbsp; Le sang se gla\u00e7a dans mes veines.<br>&nbsp;&nbsp; Non ! Pas Aude ! Pas maman Aude !<\/h3>\n<p><\/p>\n\n\n<div class=\"wp-block-buttons is-layout-flex wp-block-buttons-is-layout-flex\">\n<div class=\"wp-block-button\"><a class=\"wp-block-button__link\" href=\"https:\/\/danieljeananton.com\/index.php\/aude\/extraits-tome-1\/\" target=\"_blank\" rel=\"noreferrer noopener\">EXTRAITS tome 1<\/a><\/div>\n<\/div>\n\n\n\n<p><\/p>\n<div style='text-align:center' class='yasr-auto-insert-overall'><\/div><div style='text-align:center' class='yasr-auto-insert-visitor'><!--Yasr Visitor Votes Shortcode--><div id='yasr_visitor_votes_f688eb2ce9156' class='yasr-visitor-votes'><div class=\"yasr-custom-text-vv-before yasr-custom-text-vv-before-304\">Votre vote<\/div><div id='yasr-vv-second-row-container-f688eb2ce9156'\r\n                                        class='yasr-vv-second-row-container'><div id='yasr-visitor-votes-rater-f688eb2ce9156'\r\n                                      class='yasr-rater-stars-vv'\r\n                                      data-rater-postid='304'\r\n                                      data-rating='0'\r\n                                      data-rater-starsize='24'\r\n                                      data-rater-readonly='false'\r\n                                      data-rater-nonce='8a8b8b4677'\r\n                                      data-issingular='false'\r\n                                    ><\/div><div class=\"yasr-vv-stats-text-container\" id=\"yasr-vv-stats-text-container-f688eb2ce9156\"><svg xmlns=\"https:\/\/www.w3.org\/2000\/svg\" width=\"20\" height=\"20\"\r\n                                   class=\"yasr-dashicons-visitor-stats\"\r\n                                   data-postid=\"304\"\r\n                                   id=\"yasr-stats-dashicon-f688eb2ce9156\">\r\n                                   <path d=\"M18 18v-16h-4v16h4zM12 18v-11h-4v11h4zM6 18v-8h-4v8h4z\"><\/path>\r\n                               <\/svg><span id=\"yasr-vv-text-container-f688eb2ce9156\" class=\"yasr-vv-text-container\">[Total: <span id=\"yasr-vv-votes-number-container-f688eb2ce9156\">0<\/span> Average: <span id=\"yasr-vv-average-container-f688eb2ce9156\">0<\/span>]<\/span><\/div><div id='yasr-vv-loader-f688eb2ce9156' class='yasr-vv-container-loader'><\/div><\/div><div id='yasr-vv-bottom-container-f688eb2ce9156'\r\n                              class='yasr-vv-bottom-container'\r\n                              style='display:none'><\/div><\/div><!--End Yasr Visitor Votes Shortcode--><\/div>","protected":false},"excerpt":{"rendered":"<p>&nbsp; Extrait 1 &nbsp;&nbsp; Tout allait bien, jusqu\u2019au moment o\u00f9 Julien m\u2019entra\u00eena dans notre premi\u00e8re v\u00e9ritable aventure. Nous avions \u00e0 peine trois ans et demi.&nbsp;&nbsp; [&#8230;]<\/p>\n","protected":false},"author":1,"featured_media":0,"parent":279,"menu_order":0,"comment_status":"closed","ping_status":"closed","template":"","meta":{"_uag_custom_page_level_css":"","yasr_overall_rating":0,"yasr_post_is_review":"","yasr_auto_insert_disabled":"","yasr_review_type":"","footnotes":""},"folder":[],"class_list":["post-304","page","type-page","status-publish","hentry"],"yasr_visitor_votes":{"stars_attributes":{"read_only":false,"span_bottom":false},"number_of_votes":0,"sum_votes":0},"yoast_head":"<!-- This site is optimized with the Yoast SEO plugin v27.4 - https:\/\/yoast.com\/product\/yoast-seo-wordpress\/ -->\n<title>EXTRAITS tome 2 - Daniel Jean ANTON auteur<\/title>\n<meta name=\"robots\" content=\"index, follow, max-snippet:-1, max-image-preview:large, max-video-preview:-1\" \/>\n<link rel=\"canonical\" href=\"https:\/\/danieljeananton.com\/index.php\/aude\/extraits-tome-2\/\" \/>\n<meta property=\"og:locale\" content=\"fr_FR\" \/>\n<meta property=\"og:type\" content=\"article\" \/>\n<meta property=\"og:title\" content=\"EXTRAITS tome 2 - Daniel Jean ANTON auteur\" \/>\n<meta property=\"og:description\" content=\"&nbsp; Extrait 1 &nbsp;&nbsp; Tout allait bien, jusqu\u2019au moment o\u00f9 Julien m\u2019entra\u00eena dans notre premi\u00e8re v\u00e9ritable aventure. Nous avions \u00e0 peine trois ans et demi.&nbsp;&nbsp; [...]\" \/>\n<meta property=\"og:url\" content=\"https:\/\/danieljeananton.com\/index.php\/aude\/extraits-tome-2\/\" \/>\n<meta property=\"og:site_name\" content=\"Daniel Jean ANTON auteur\" \/>\n<meta property=\"article:publisher\" content=\"https:\/\/www.facebook.com\/profile.php?id=100054333143592\" \/>\n<meta property=\"article:modified_time\" content=\"2021-12-10T14:17:56+00:00\" \/>\n<meta name=\"twitter:card\" content=\"summary_large_image\" \/>\n<meta name=\"twitter:label1\" content=\"Dur\u00e9e de lecture estim\u00e9e\" \/>\n\t<meta name=\"twitter:data1\" content=\"6 minutes\" \/>\n<script type=\"application\/ld+json\" class=\"yoast-schema-graph\">{\"@context\":\"https:\\\/\\\/schema.org\",\"@graph\":[{\"@type\":\"WebPage\",\"@id\":\"https:\\\/\\\/danieljeananton.com\\\/index.php\\\/aude\\\/extraits-tome-2\\\/\",\"url\":\"https:\\\/\\\/danieljeananton.com\\\/index.php\\\/aude\\\/extraits-tome-2\\\/\",\"name\":\"EXTRAITS tome 2 - Daniel Jean ANTON auteur\",\"isPartOf\":{\"@id\":\"https:\\\/\\\/danieljeananton.com\\\/#website\"},\"datePublished\":\"2021-11-23T16:24:00+00:00\",\"dateModified\":\"2021-12-10T14:17:56+00:00\",\"breadcrumb\":{\"@id\":\"https:\\\/\\\/danieljeananton.com\\\/index.php\\\/aude\\\/extraits-tome-2\\\/#breadcrumb\"},\"inLanguage\":\"fr-FR\",\"potentialAction\":[{\"@type\":\"ReadAction\",\"target\":[\"https:\\\/\\\/danieljeananton.com\\\/index.php\\\/aude\\\/extraits-tome-2\\\/\"]}]},{\"@type\":\"BreadcrumbList\",\"@id\":\"https:\\\/\\\/danieljeananton.com\\\/index.php\\\/aude\\\/extraits-tome-2\\\/#breadcrumb\",\"itemListElement\":[{\"@type\":\"ListItem\",\"position\":1,\"name\":\"Accueil\",\"item\":\"https:\\\/\\\/danieljeananton.com\\\/\"},{\"@type\":\"ListItem\",\"position\":2,\"name\":\"AUDE\",\"item\":\"https:\\\/\\\/danieljeananton.com\\\/index.php\\\/aude\\\/\"},{\"@type\":\"ListItem\",\"position\":3,\"name\":\"EXTRAITS tome 2\"}]},{\"@type\":\"WebSite\",\"@id\":\"https:\\\/\\\/danieljeananton.com\\\/#website\",\"url\":\"https:\\\/\\\/danieljeananton.com\\\/\",\"name\":\"danieljeananton.com\",\"description\":\"\",\"publisher\":{\"@id\":\"https:\\\/\\\/danieljeananton.com\\\/#\\\/schema\\\/person\\\/3dbde23e2d3dda92deb2d7825973ed00\"},\"potentialAction\":[{\"@type\":\"SearchAction\",\"target\":{\"@type\":\"EntryPoint\",\"urlTemplate\":\"https:\\\/\\\/danieljeananton.com\\\/?s={search_term_string}\"},\"query-input\":{\"@type\":\"PropertyValueSpecification\",\"valueRequired\":true,\"valueName\":\"search_term_string\"}}],\"inLanguage\":\"fr-FR\"},{\"@type\":[\"Person\",\"Organization\"],\"@id\":\"https:\\\/\\\/danieljeananton.com\\\/#\\\/schema\\\/person\\\/3dbde23e2d3dda92deb2d7825973ed00\",\"name\":\"Daniel Jean ANTON\",\"image\":{\"@type\":\"ImageObject\",\"inLanguage\":\"fr-FR\",\"@id\":\"https:\\\/\\\/danieljeananton.com\\\/wp-content\\\/uploads\\\/2023\\\/12\\\/Logo-site-Copie.jpg\",\"url\":\"https:\\\/\\\/danieljeananton.com\\\/wp-content\\\/uploads\\\/2023\\\/12\\\/Logo-site-Copie.jpg\",\"contentUrl\":\"https:\\\/\\\/danieljeananton.com\\\/wp-content\\\/uploads\\\/2023\\\/12\\\/Logo-site-Copie.jpg\",\"width\":100,\"height\":103,\"caption\":\"Daniel Jean ANTON\"},\"logo\":{\"@id\":\"https:\\\/\\\/danieljeananton.com\\\/wp-content\\\/uploads\\\/2023\\\/12\\\/Logo-site-Copie.jpg\"},\"sameAs\":[\"https:\\\/\\\/danieljeananton.com\",\"https:\\\/\\\/www.facebook.com\\\/profile.php?id=100054333143592\"]},false]}<\/script>\n<!-- \/ Yoast SEO plugin. -->","yoast_head_json":{"title":"EXTRAITS tome 2 - Daniel Jean ANTON auteur","robots":{"index":"index","follow":"follow","max-snippet":"max-snippet:-1","max-image-preview":"max-image-preview:large","max-video-preview":"max-video-preview:-1"},"canonical":"https:\/\/danieljeananton.com\/index.php\/aude\/extraits-tome-2\/","og_locale":"fr_FR","og_type":"article","og_title":"EXTRAITS tome 2 - Daniel Jean ANTON auteur","og_description":"&nbsp; Extrait 1 &nbsp;&nbsp; Tout allait bien, jusqu\u2019au moment o\u00f9 Julien m\u2019entra\u00eena dans notre premi\u00e8re v\u00e9ritable aventure. Nous avions \u00e0 peine trois ans et demi.&nbsp;&nbsp; [...]","og_url":"https:\/\/danieljeananton.com\/index.php\/aude\/extraits-tome-2\/","og_site_name":"Daniel Jean ANTON auteur","article_publisher":"https:\/\/www.facebook.com\/profile.php?id=100054333143592","article_modified_time":"2021-12-10T14:17:56+00:00","twitter_card":"summary_large_image","twitter_misc":{"Dur\u00e9e de lecture estim\u00e9e":"6 minutes"},"schema":{"@context":"https:\/\/schema.org","@graph":[{"@type":"WebPage","@id":"https:\/\/danieljeananton.com\/index.php\/aude\/extraits-tome-2\/","url":"https:\/\/danieljeananton.com\/index.php\/aude\/extraits-tome-2\/","name":"EXTRAITS tome 2 - Daniel Jean ANTON auteur","isPartOf":{"@id":"https:\/\/danieljeananton.com\/#website"},"datePublished":"2021-11-23T16:24:00+00:00","dateModified":"2021-12-10T14:17:56+00:00","breadcrumb":{"@id":"https:\/\/danieljeananton.com\/index.php\/aude\/extraits-tome-2\/#breadcrumb"},"inLanguage":"fr-FR","potentialAction":[{"@type":"ReadAction","target":["https:\/\/danieljeananton.com\/index.php\/aude\/extraits-tome-2\/"]}]},{"@type":"BreadcrumbList","@id":"https:\/\/danieljeananton.com\/index.php\/aude\/extraits-tome-2\/#breadcrumb","itemListElement":[{"@type":"ListItem","position":1,"name":"Accueil","item":"https:\/\/danieljeananton.com\/"},{"@type":"ListItem","position":2,"name":"AUDE","item":"https:\/\/danieljeananton.com\/index.php\/aude\/"},{"@type":"ListItem","position":3,"name":"EXTRAITS tome 2"}]},{"@type":"WebSite","@id":"https:\/\/danieljeananton.com\/#website","url":"https:\/\/danieljeananton.com\/","name":"danieljeananton.com","description":"","publisher":{"@id":"https:\/\/danieljeananton.com\/#\/schema\/person\/3dbde23e2d3dda92deb2d7825973ed00"},"potentialAction":[{"@type":"SearchAction","target":{"@type":"EntryPoint","urlTemplate":"https:\/\/danieljeananton.com\/?s={search_term_string}"},"query-input":{"@type":"PropertyValueSpecification","valueRequired":true,"valueName":"search_term_string"}}],"inLanguage":"fr-FR"},{"@type":["Person","Organization"],"@id":"https:\/\/danieljeananton.com\/#\/schema\/person\/3dbde23e2d3dda92deb2d7825973ed00","name":"Daniel Jean ANTON","image":{"@type":"ImageObject","inLanguage":"fr-FR","@id":"https:\/\/danieljeananton.com\/wp-content\/uploads\/2023\/12\/Logo-site-Copie.jpg","url":"https:\/\/danieljeananton.com\/wp-content\/uploads\/2023\/12\/Logo-site-Copie.jpg","contentUrl":"https:\/\/danieljeananton.com\/wp-content\/uploads\/2023\/12\/Logo-site-Copie.jpg","width":100,"height":103,"caption":"Daniel Jean ANTON"},"logo":{"@id":"https:\/\/danieljeananton.com\/wp-content\/uploads\/2023\/12\/Logo-site-Copie.jpg"},"sameAs":["https:\/\/danieljeananton.com","https:\/\/www.facebook.com\/profile.php?id=100054333143592"]},false]}},"uagb_featured_image_src":{"full":false,"thumbnail":false,"medium":false,"medium_large":false,"large":false,"1536x1536":false,"2048x2048":false,"post-thumbnail":false,"dynamico-featured-content":false,"dynamico-ultra-wide":false,"dynamico-landscape":false,"dynamico-classic":false,"dynamico-square":false,"dynamico-portrait":false},"uagb_author_info":{"display_name":"Daniel Jean ANTON","author_link":"https:\/\/danieljeananton.com\/index.php\/author\/admin3607\/"},"uagb_comment_info":0,"uagb_excerpt":"&nbsp; Extrait 1 &nbsp;&nbsp; Tout allait bien, jusqu\u2019au moment o\u00f9 Julien m\u2019entra\u00eena dans notre premi\u00e8re v\u00e9ritable aventure. Nous avions \u00e0 peine trois ans et demi.&nbsp;&nbsp; [...]","jetpack_sharing_enabled":true,"_links":{"self":[{"href":"https:\/\/danieljeananton.com\/index.php\/wp-json\/wp\/v2\/pages\/304","targetHints":{"allow":["GET"]}}],"collection":[{"href":"https:\/\/danieljeananton.com\/index.php\/wp-json\/wp\/v2\/pages"}],"about":[{"href":"https:\/\/danieljeananton.com\/index.php\/wp-json\/wp\/v2\/types\/page"}],"author":[{"embeddable":true,"href":"https:\/\/danieljeananton.com\/index.php\/wp-json\/wp\/v2\/users\/1"}],"replies":[{"embeddable":true,"href":"https:\/\/danieljeananton.com\/index.php\/wp-json\/wp\/v2\/comments?post=304"}],"version-history":[{"count":14,"href":"https:\/\/danieljeananton.com\/index.php\/wp-json\/wp\/v2\/pages\/304\/revisions"}],"predecessor-version":[{"id":637,"href":"https:\/\/danieljeananton.com\/index.php\/wp-json\/wp\/v2\/pages\/304\/revisions\/637"}],"up":[{"embeddable":true,"href":"https:\/\/danieljeananton.com\/index.php\/wp-json\/wp\/v2\/pages\/279"}],"wp:attachment":[{"href":"https:\/\/danieljeananton.com\/index.php\/wp-json\/wp\/v2\/media?parent=304"}],"wp:term":[{"taxonomy":"folder","embeddable":true,"href":"https:\/\/danieljeananton.com\/index.php\/wp-json\/wp\/v2\/folder?post=304"}],"curies":[{"name":"wp","href":"https:\/\/api.w.org\/{rel}","templated":true}]}}